{"id":1066,"date":"2022-08-01T09:22:56","date_gmt":"2022-08-01T07:22:56","guid":{"rendered":"https:\/\/gernikagarbiketak.com\/?page_id=1066"},"modified":"2023-06-15T23:29:46","modified_gmt":"2023-06-15T21:29:46","slug":"politica-de-privacidad","status":"publish","type":"page","link":"https:\/\/gernikagarbiketak.com\/eu\/politica-de-privacidad\/","title":{"rendered":"Pol\u00edtica de privacidad"},"content":{"rendered":"\n<figure class=\"wp-block-table\"><table><tbody><tr><td><strong><u>POL\u00cdTICA DE PRIVACIDAD<\/u><\/strong> <strong><u>&nbsp;<\/u><\/strong><\/td><\/tr><\/tbody><\/table><\/figure>\n\n\n\n<p><strong><u>Informaci\u00f3n sobre el Tratamiento de Datos Personales<\/u><\/strong><\/p>\n\n\n\n<p>GERNIKA GARBIKETAK, S.L. se encuentra profundamente comprometido con el cumplimiento de la Legislaci\u00f3n Espa\u00f1ola y Europea aplicable a la protecci\u00f3n de datos de car\u00e1cter personal, y garantiza el cumplimiento \u00edntegro de las obligaciones dispuestas, as\u00ed como la implementaci\u00f3n de las disposiciones incluidas en la Ley Org\u00e1nica 3\/2018, de Protecci\u00f3n de Datos Personales y en las medidas del Reglamento General de Protecci\u00f3n de Datos (RGPD) de la uni\u00f3n Europea 2016\/679.<\/p>\n\n\n\n<p>GERNIKA GARBIKETAK, S.L. pone a disposici\u00f3n de los usuarios la presente Pol\u00edtica de Privacidad de la entidad para el tratamiento de datos personales, informando a los mismos respecto a los siguientes aspectos:<\/p>\n\n\n\n<ul class=\"wp-block-list\">\n<li>Identidad y Datos de Contacto del Responsable del tratamiento.<\/li>\n\n\n\n<li>Datos tratados,&nbsp; sus fines y plazos o criterios de conservaci\u00f3n de los mismos.<\/li>\n\n\n\n<li>Base jur\u00eddica del tratamiento.<\/li>\n\n\n\n<li>Los destinatarios de sus datos personales.<\/li>\n\n\n\n<li>Sobre los derechos que asisten a todo usuario y el procedimiento para ejercitarlos.<\/li>\n\n\n\n<li><strong><u>RESPONSABLE DE TRATAMIENTO.<\/u><\/strong><\/li>\n<\/ul>\n\n\n\n<p>Identidad: GERNIKA GARBIKETAK, S.L.<\/p>\n\n\n\n<p>CIF: B48706535<\/p>\n\n\n\n<p>Direcci\u00f3n postal: Goikoibarra, 33. Pabell\u00f3n C. CP48300 GERNIKA-LUMO. BIZKAIA.<\/p>\n\n\n\n<p>Tel\u00e9fono de contacto: 94 625 02 28<\/p>\n\n\n\n<p>Correo electr\u00f3nico de contacto: bulego@gernikagarbiketak.com<\/p>\n\n\n\n<ul class=\"wp-block-list\">\n<li><strong><u>TRATAMIENTOS DE DATOS PERSONALES.<\/u><\/strong><\/li>\n<\/ul>\n\n\n\n<p><strong><u>Tratamientos de Datos personales del colectivo de Clientes y Proveedores.<\/u><\/strong><\/p>\n\n\n\n<p><strong>a. \u00bfCon qu\u00e9 finalidad tratamos sus datos personales?<\/strong><\/p>\n\n\n\n<p>En <strong>GERNIKA GARBIKETAK, S.L.<\/strong><strong> <\/strong>tratamos la informaci\u00f3n que nos facilitan sus clientes, proveedores y contactos con las siguientes finalidades:<\/p>\n\n\n\n<ol class=\"wp-block-list\" type=\"I\">\n<li><strong>La Gesti\u00f3n, administraci\u00f3n, comunicaci\u00f3n y ejecuci\u00f3n<\/strong> de los servicios fruto de nuestra actividad profesional<strong><\/strong><ol><li><strong>La gesti\u00f3n y el mantenimiento de la relaci\u00f3n comercial<\/strong> para la prestaci\u00f3n de servicios de limpieza.<\/li><\/ol><ol><li><strong>La administraci\u00f3n fiscal y contable<\/strong> de los servicios realizados.<\/li><\/ol>\n<ol class=\"wp-block-list\">\n<li>Si procede, para dar cumplimiento al REAL DECRETO 171\/2004, de 30 de enero, por el que se desarrolla el art\u00edculo 24 de la Ley 31\/1995, de 8 de noviembre, de Prevenci\u00f3n de Riesgos Laborales, en materia de <strong>coordinaci\u00f3n de actividades empresariales.<\/strong><\/li>\n<\/ol>\n<\/li>\n<\/ol>\n\n\n\n<p><strong>b. Legitimaci\u00f3n<\/strong><\/p>\n\n\n\n<p>La base legal para el tratamiento de sus datos es su imperiosa necesidad para la Ejecuci\u00f3n de los Servicios Contratados<\/p>\n\n\n\n<p><strong>c. Destinatarios<\/strong><\/p>\n\n\n\n<ol class=\"wp-block-list\" type=\"I\">\n<li>Sus datos se comunicar\u00e1n a Administraciones p\u00fablicas competentes y a la Agencia Tributaria.<\/li>\n\n\n\n<li>Si procede a Entidades Bancarias para la gesti\u00f3n de los importes econ\u00f3micos derivados del servicio.<\/li>\n\n\n\n<li>Cuando proceda a Entidades Colaboradoras y Subcontratistas relacionados directamente con el servicio.<\/li>\n\n\n\n<li>Cuando proceda, sus datos podr\u00e1n ser facilitados a terceras entidades en el caso de que fueran requeridas, exclusivamente a efectos de dar cumplimiento al REAL DECRETO 171\/2004, de 30 de enero, por el que se desarrolla el art\u00edculo 24 de la Ley 31\/1995, de 8 de noviembre, de Prevenci\u00f3n de Riesgos Laborales, en materia de coordinaci\u00f3n de actividades empresariales.<\/li>\n<\/ol>\n\n\n\n<p><strong>d. \u00bfPor cu\u00e1nto tiempo conservaremos sus datos?<\/strong><\/p>\n\n\n\n<p>Los datos personales proporcionados se conservar\u00e1n, mientras sean necesario para la prestaci\u00f3n del servicio. A su finalizaci\u00f3n los datos ser\u00e1n conservados por obligaci\u00f3n legal.<\/p>\n\n\n\n<p>Por \u00faltimo, y siempre que hubiera proporcionado su consentimiento para esta finalidad, <strong>GERNIKA GARBIKETAK, S.L.<\/strong><strong> <\/strong>conservar\u00e1 sus datos con el fin de mantenerle al d\u00eda de las actividades y servicios que pudieran resultar de su inter\u00e9s.<strong><\/strong><\/p>\n\n\n\n<p><strong><u>Tratamientos de Datos personales del colectivo de visitas a nuestras instalaciones<\/u><\/strong><\/p>\n\n\n\n<p><strong>a. \u00bfCon qu\u00e9 finalidad tratamos sus datos personales?<\/strong><\/p>\n\n\n\n<p>En <strong>GERNIKA GARBIKETAK, S.L.<\/strong><strong> <\/strong>disponemos de un sistema de videovigilancia con fines de seguridad privada, esto es, gesti\u00f3n de prevenci\u00f3n de riesgos que afectan a la seguridad y protecci\u00f3n de las personas, locales y bienes patrimoniales, as\u00ed como para denunciar, cuando sea necesario, hechos ante las autoridades competentes o atender los requerimientos de las mismas, todo ello, en base a la Ley de Seguridad Privada.<\/p>\n\n\n\n<p><strong>b. Legitimaci\u00f3n<\/strong><\/p>\n\n\n\n<p>La base legal para el tratamiento de sus datos (imagen) es la satisfacci\u00f3n de intereses leg\u00edtimos perseguidos por <strong>GERNIKA GARBIKETAK, S.L.<\/strong><\/p>\n\n\n\n<p><strong>c. Destinatarios<\/strong><\/p>\n\n\n\n<p>Sus datos se comunicar\u00e1n a Administraciones p\u00fablicas competentes y a los Cuerpos de Seguridad p\u00fablica y\/o privada procedente.<\/p>\n\n\n\n<p><strong>d. \u00bfPor cu\u00e1nto tiempo conservaremos sus datos?<\/strong><\/p>\n\n\n\n<p>Los datos personales se conservar\u00e1n un m\u00e1ximo de 1 mes desde su captaci\u00f3n.<\/p>\n\n\n\n<p><strong><u>Tratamientos de Datos personales del colectivo de aspirantes a procesos de Selecci\u00f3n de Personal.<\/u><\/strong><\/p>\n\n\n\n<p><strong>a. \u00bfCon qu\u00e9 finalidad tratamos sus datos personales?<\/strong><\/p>\n\n\n\n<p>En <strong>GERNIKA GARBIKETAK, S.L.<\/strong><strong> <\/strong>tratamos sus datos personales con la \u00fanica finalidad de hacerle part\u00edcipe en los procesos de selecci\u00f3n de personal realizados por la entidad.<\/p>\n\n\n\n<p><strong>b. Legitimaci\u00f3n<\/strong><\/p>\n\n\n\n<p>La base legal para el tratamiento de los datos que Ud. libremente nos ha facilitado es la satisfacci\u00f3n y protecci\u00f3n de intereses del propio interesado. (Art. 6.d del RGPD).<\/p>\n\n\n\n<p><strong>c. Destinatarios<\/strong><\/p>\n\n\n\n<p>No se prev\u00e9n cesiones o comunicaciones de datos.<\/p>\n\n\n\n<p><strong>d. \u00bfPor cu\u00e1nto tiempo conservaremos sus datos?<\/strong><\/p>\n\n\n\n<p>Los datos personales se conservar\u00e1n mientras su perfil profesional pueda encajar en alguna de nuestras posibles candidaturas.<\/p>\n\n\n\n<p><strong><u>Tratamientos de Datos Personales Procedentes del formulario Contacto de la web.<\/u><\/strong><\/p>\n\n\n\n<p><strong>a. \u00bfCon qu\u00e9 finalidad tratamos sus datos personales?<\/strong><\/p>\n\n\n\n<p>En <strong>GERNIKA GARBIKETAK, S.L. <\/strong>tratamos la informaci\u00f3n recibida por medio de estos formularios, con el fin de atender las consultas que nos pueda plantear, o en caso de que lo solicite, el env\u00edo de informaci\u00f3n. As\u00ed mismo, gestionamos las sugerencias, quejas, reclamaciones o agradecimientos que nos haga llegar.<\/p>\n\n\n\n<p><strong>b. Legitimaci\u00f3n<\/strong><\/p>\n\n\n\n<p>La base legal para el tratamiento es el consentimiento expreso del interesado.<\/p>\n\n\n\n<p><strong>c. Destinatarios<\/strong><\/p>\n\n\n\n<p>No se ceder\u00e1n datos a terceros salvo obligaci\u00f3n legal y no se prev\u00e9n trasferencias internacionales de datos.<\/p>\n\n\n\n<p><strong>d. \u00bfPor cu\u00e1nto tiempo conservaremos sus datos?<\/strong><\/p>\n\n\n\n<p>Conservaremos los datos \u00fanicamente el tiempo necesario para atender las consultas, sugerencias, quejas, reclamaciones y agradecimientos.<\/p>\n\n\n\n<ul class=\"wp-block-list\">\n<li><strong><u>\u00bfDECISIONES AUTOMATIZADAS, PERFILES Y L\u00d3GICA APLICADA?<\/u><\/strong><\/li>\n<\/ul>\n\n\n\n<p>No se prev\u00e9 el tratamiento en ning\u00fan momento, basado en decisiones automatizadas.<\/p>\n\n\n\n<ul class=\"wp-block-list\">\n<li><strong><u>DERECHOS.<\/u><\/strong><\/li>\n\n\n\n<li><strong><em>\u00bfCu\u00e1les son sus derechos cuando nos facilita sus datos?<\/em><\/strong><\/li>\n<\/ul>\n\n\n\n<p>Cualquier persona tiene derecho a obtener confirmaci\u00f3n sobre si en <strong>GERNIKA GARBIKETAK, S.L.<\/strong><strong> <\/strong>&nbsp;estamos tratando datos personales que les conciernan, o no.<\/p>\n\n\n\n<p>Asimismo, tal y como prev\u00e9 el Reglamento General de Protecci\u00f3n de Datos, le informamos que usted tiene los siguientes derechos:<\/p>\n\n\n\n<ul class=\"wp-block-list\">\n<li>Acceder a sus datos: Ud. tiene derecho a acceder a sus datos para conocer qu\u00e9 datos personales estamos tratando que le conciernen.<\/li>\n\n\n\n<li>Solicitar la rectificaci\u00f3n o supresi\u00f3n de sus datos: En determinadas circunstancias, Ud. tiene derecho a rectificar aquellos datos personales inexactos que le conciernen que sean objeto de tratamiento por nuestra parte o, incluso, a solicitarnos su supresi\u00f3n cuando, entre otros motivos, los datos ya no fueran necesarios para los fines que fueron recogidos.<\/li>\n\n\n\n<li>Solicitar la limitaci\u00f3n del tratamiento de sus datos: En determinadas circunstancias, Ud. tendr\u00e1 derecho a solicitarnos la limitaci\u00f3n del tratamiento de sus datos, en cuyo caso le informamos que \u00fanicamente los conservaremos para el ejercicio o defensa de reclamaciones tal y como prev\u00e9 el Reglamento General de Protecci\u00f3n de Datos.<\/li>\n\n\n\n<li>A la portabilidad de sus datos: En determinadas circunstancias, Ud. tendr\u00e1 derecho a recibir los datos personales que le incumban, y que nos haya facilitado, en un formato estructurado, de uso com\u00fan y lectura mec\u00e1nica, y a transmitirlos a otro responsable del tratamiento.<\/li>\n\n\n\n<li>Oponerse al tratamiento de sus datos: En determinadas circunstancias y por motivos relacionados con su situaci\u00f3n particular, Ud. tendr\u00e1 derecho a oponerse al tratamiento de sus datos en cuyo caso, dejar\u00edamos de tratarlos salvo que por motivos leg\u00edtimos imperiosos, o el ejercicio o la defensa de posibles reclamaciones.<\/li>\n<\/ul>\n\n\n\n<ul class=\"wp-block-list\">\n<li><strong><em>\u00bfCu\u00e1ndo responderemos a su solicitud?<\/em><\/strong><\/li>\n<\/ul>\n\n\n\n<p>Responderemos a sus peticiones a la mayor brevedad posible y, en todo caso, en el plazo de un mes desde la recepci\u00f3n de su solicitud. Dicho plazo podr\u00e1 prorrogarse otros dos meses en caso necesario, teniendo en cuenta la complejidad y el n\u00famero de solicitudes. El responsable informar\u00e1 al interesado de la pr\u00f3rroga dentro del primer mes desde la solicitud.<\/p>\n\n\n\n<ul class=\"wp-block-list\">\n<li><strong><em>\u00bfUsted tiene derecho a retirar su consentimiento?<\/em><\/strong><\/li>\n<\/ul>\n\n\n\n<p>El interesado tiene derecho a retirar el consentimiento en cualquier momento, sin que ello afecte a la licitud del tratamiento basado en el consentimiento previo a su retirada.<\/p>\n\n\n\n<ul class=\"wp-block-list\">\n<li><strong><em>\u00bfD\u00f3nde debe dirigirse para el ejercicio sus derechos?<\/em><\/strong><\/li>\n<\/ul>\n\n\n\n<p>Para el ejercicio de los derechos reconocidos, el interesado podr\u00e1 ponerse en contacto a trav\u00e9s de la siguiente direcci\u00f3n de correo electr\u00f3nico: bulego@gernikagarbiketak.com o dirigiendo un escrito a <strong>GERNIKA GARBIKETAK, S.L.<\/strong><strong> <\/strong>en la Direcci\u00f3n indicada en el apartado primero sobre el Responsable de Tratamiento.<\/p>\n\n\n\n<ul class=\"wp-block-list\">\n<li><strong><em>\u00bfUsted tiene derecho a reclamar?<\/em><\/strong><\/li>\n<\/ul>\n\n\n\n<p>S\u00ed. Usted, especialmente cuando no haya obtenido satisfacci\u00f3n en el ejercicio de sus derechos, tiene derecho a presentar reclamaci\u00f3n ante la autoridad nacional de control, a estos efectos debe dirigirse ante la Agencia Espa\u00f1ola de Protecci\u00f3n de Datos. <a href=\"http:\/\/www.agpd.es\">www.agpd.es<\/a>.<\/p>\n\n\n\n<ul class=\"wp-block-list\">\n<li><strong><u>CATEGOR\u00cdA DE DATOS.<\/u><\/strong><\/li>\n<\/ul>\n\n\n\n<ul class=\"wp-block-list\">\n<li>Las categor\u00edas de datos que se tratan son:<ul><li>Datos de identificaci\u00f3n<\/li><\/ul><ul><li>Direcciones postales o electr\u00f3nicas<\/li><\/ul><ul><li>Imagen<\/li><\/ul><ul><li>Informaci\u00f3n comercial<\/li><\/ul><ul><li>Detalles de Empleo<\/li><\/ul>\n<ul class=\"wp-block-list\">\n<li>Datos econ\u00f3micos<\/li>\n<\/ul>\n<\/li>\n\n\n\n<li>Datos Especialmente Protegidos: No se tratan datos especialmente protegidos<\/li>\n<\/ul>\n\n\n\n<p><\/p>\n","protected":false},"excerpt":{"rendered":"<p>POL\u00cdTICA DE PRIVACIDAD &nbsp; Informaci\u00f3n sobre el Tratamiento de Datos Personales GERNIKA GARBIKETAK, S.L. se encuentra profundamente comprometido con el cumplimiento de la Legislaci\u00f3n Espa\u00f1ola y Europea aplicable a la protecci\u00f3n de datos de car\u00e1cter personal, y garantiza el cumplimiento \u00edntegro de las obligaciones dispuestas, as\u00ed como la implementaci\u00f3n de las disposiciones incluidas en la &#8230; <a title=\"Pol\u00edtica de privacidad\" class=\"read-more\" href=\"https:\/\/gernikagarbiketak.com\/eu\/politica-de-privacidad\/\" aria-label=\"Read more about Pol\u00edtica de privacidad\">Read more<\/a><\/p>\n","protected":false},"author":4,"featured_media":0,"parent":0,"menu_order":0,"comment_status":"closed","ping_status":"closed","template":"","meta":{"_acf_changed":false,"footnotes":""},"class_list":["post-1066","page","type-page","status-publish"],"acf":[],"yoast_head":"<!-- This site is optimized with the Yoast SEO plugin v27.5 - https:\/\/yoast.com\/product\/yoast-seo-wordpress\/ -->\n<title>Pol\u00edtica de privacidad - Gernika Garbiketak<\/title>\n<meta name=\"robots\" content=\"noindex, nofollow\" \/>\n<meta property=\"og:locale\" content=\"eu_ES\" \/>\n<meta property=\"og:type\" content=\"article\" \/>\n<meta property=\"og:title\" content=\"Pol\u00edtica de privacidad - Gernika Garbiketak\" \/>\n<meta property=\"og:description\" content=\"POL\u00cdTICA DE PRIVACIDAD &nbsp; Informaci\u00f3n sobre el Tratamiento de Datos Personales GERNIKA GARBIKETAK, S.L. se encuentra profundamente comprometido con el cumplimiento de la Legislaci\u00f3n Espa\u00f1ola y Europea aplicable a la protecci\u00f3n de datos de car\u00e1cter personal, y garantiza el cumplimiento \u00edntegro de las obligaciones dispuestas, as\u00ed como la implementaci\u00f3n de las disposiciones incluidas en la ... Read more\" \/>\n<meta property=\"og:url\" content=\"https:\/\/gernikagarbiketak.com\/eu\/politica-de-privacidad\/\" \/>\n<meta property=\"og:site_name\" content=\"Gernika Garbiketak\" \/>\n<meta property=\"article:modified_time\" content=\"2023-06-15T21:29:46+00:00\" \/>\n<meta name=\"twitter:card\" content=\"summary_large_image\" \/>\n<script type=\"application\/ld+json\" class=\"yoast-schema-graph\">{\"@context\":\"https:\\\/\\\/schema.org\",\"@graph\":[{\"@type\":\"WebPage\",\"@id\":\"https:\\\/\\\/gernikagarbiketak.com\\\/eu\\\/politica-de-privacidad\\\/\",\"url\":\"https:\\\/\\\/gernikagarbiketak.com\\\/eu\\\/politica-de-privacidad\\\/\",\"name\":\"Pol\u00edtica de privacidad - Gernika Garbiketak\",\"isPartOf\":{\"@id\":\"https:\\\/\\\/gernikagarbiketak.com\\\/#website\"},\"datePublished\":\"2022-08-01T07:22:56+00:00\",\"dateModified\":\"2023-06-15T21:29:46+00:00\",\"breadcrumb\":{\"@id\":\"https:\\\/\\\/gernikagarbiketak.com\\\/eu\\\/politica-de-privacidad\\\/#breadcrumb\"},\"inLanguage\":\"eu-ES\",\"potentialAction\":[{\"@type\":\"ReadAction\",\"target\":[\"https:\\\/\\\/gernikagarbiketak.com\\\/eu\\\/politica-de-privacidad\\\/\"]}]},{\"@type\":\"BreadcrumbList\",\"@id\":\"https:\\\/\\\/gernikagarbiketak.com\\\/eu\\\/politica-de-privacidad\\\/#breadcrumb\",\"itemListElement\":[{\"@type\":\"ListItem\",\"position\":1,\"name\":\"Portada\",\"item\":\"https:\\\/\\\/gernikagarbiketak.com\\\/\"},{\"@type\":\"ListItem\",\"position\":2,\"name\":\"Pol\u00edtica de privacidad\"}]},{\"@type\":\"WebSite\",\"@id\":\"https:\\\/\\\/gernikagarbiketak.com\\\/#website\",\"url\":\"https:\\\/\\\/gernikagarbiketak.com\\\/\",\"name\":\"Gernika Garbiketak\",\"description\":\"\",\"publisher\":{\"@id\":\"https:\\\/\\\/gernikagarbiketak.com\\\/#organization\"},\"potentialAction\":[{\"@type\":\"SearchAction\",\"target\":{\"@type\":\"EntryPoint\",\"urlTemplate\":\"https:\\\/\\\/gernikagarbiketak.com\\\/?s={search_term_string}\"},\"query-input\":{\"@type\":\"PropertyValueSpecification\",\"valueRequired\":true,\"valueName\":\"search_term_string\"}}],\"inLanguage\":\"eu-ES\"},{\"@type\":\"Organization\",\"@id\":\"https:\\\/\\\/gernikagarbiketak.com\\\/#organization\",\"name\":\"Gernika Garbiketak\",\"url\":\"https:\\\/\\\/gernikagarbiketak.com\\\/\",\"logo\":{\"@type\":\"ImageObject\",\"inLanguage\":\"eu-ES\",\"@id\":\"https:\\\/\\\/gernikagarbiketak.com\\\/#\\\/schema\\\/logo\\\/image\\\/\",\"url\":\"https:\\\/\\\/gernikagarbiketak.com\\\/wp-content\\\/uploads\\\/2022\\\/08\\\/GarbiketakLogo.png\",\"contentUrl\":\"https:\\\/\\\/gernikagarbiketak.com\\\/wp-content\\\/uploads\\\/2022\\\/08\\\/GarbiketakLogo.png\",\"width\":195,\"height\":96,\"caption\":\"Gernika Garbiketak\"},\"image\":{\"@id\":\"https:\\\/\\\/gernikagarbiketak.com\\\/#\\\/schema\\\/logo\\\/image\\\/\"}}]}<\/script>\n<!-- \/ Yoast SEO plugin. -->","yoast_head_json":{"title":"Pol\u00edtica de privacidad - Gernika Garbiketak","robots":{"index":"noindex","follow":"nofollow"},"og_locale":"eu_ES","og_type":"article","og_title":"Pol\u00edtica de privacidad - Gernika Garbiketak","og_description":"POL\u00cdTICA DE PRIVACIDAD &nbsp; Informaci\u00f3n sobre el Tratamiento de Datos Personales GERNIKA GARBIKETAK, S.L. se encuentra profundamente comprometido con el cumplimiento de la Legislaci\u00f3n Espa\u00f1ola y Europea aplicable a la protecci\u00f3n de datos de car\u00e1cter personal, y garantiza el cumplimiento \u00edntegro de las obligaciones dispuestas, as\u00ed como la implementaci\u00f3n de las disposiciones incluidas en la ... Read more","og_url":"https:\/\/gernikagarbiketak.com\/eu\/politica-de-privacidad\/","og_site_name":"Gernika Garbiketak","article_modified_time":"2023-06-15T21:29:46+00:00","twitter_card":"summary_large_image","schema":{"@context":"https:\/\/schema.org","@graph":[{"@type":"WebPage","@id":"https:\/\/gernikagarbiketak.com\/eu\/politica-de-privacidad\/","url":"https:\/\/gernikagarbiketak.com\/eu\/politica-de-privacidad\/","name":"Pol\u00edtica de privacidad - Gernika Garbiketak","isPartOf":{"@id":"https:\/\/gernikagarbiketak.com\/#website"},"datePublished":"2022-08-01T07:22:56+00:00","dateModified":"2023-06-15T21:29:46+00:00","breadcrumb":{"@id":"https:\/\/gernikagarbiketak.com\/eu\/politica-de-privacidad\/#breadcrumb"},"inLanguage":"eu-ES","potentialAction":[{"@type":"ReadAction","target":["https:\/\/gernikagarbiketak.com\/eu\/politica-de-privacidad\/"]}]},{"@type":"BreadcrumbList","@id":"https:\/\/gernikagarbiketak.com\/eu\/politica-de-privacidad\/#breadcrumb","itemListElement":[{"@type":"ListItem","position":1,"name":"Portada","item":"https:\/\/gernikagarbiketak.com\/"},{"@type":"ListItem","position":2,"name":"Pol\u00edtica de privacidad"}]},{"@type":"WebSite","@id":"https:\/\/gernikagarbiketak.com\/#website","url":"https:\/\/gernikagarbiketak.com\/","name":"Gernika Garbiketak","description":"","publisher":{"@id":"https:\/\/gernikagarbiketak.com\/#organization"},"potentialAction":[{"@type":"SearchAction","target":{"@type":"EntryPoint","urlTemplate":"https:\/\/gernikagarbiketak.com\/?s={search_term_string}"},"query-input":{"@type":"PropertyValueSpecification","valueRequired":true,"valueName":"search_term_string"}}],"inLanguage":"eu-ES"},{"@type":"Organization","@id":"https:\/\/gernikagarbiketak.com\/#organization","name":"Gernika Garbiketak","url":"https:\/\/gernikagarbiketak.com\/","logo":{"@type":"ImageObject","inLanguage":"eu-ES","@id":"https:\/\/gernikagarbiketak.com\/#\/schema\/logo\/image\/","url":"https:\/\/gernikagarbiketak.com\/wp-content\/uploads\/2022\/08\/GarbiketakLogo.png","contentUrl":"https:\/\/gernikagarbiketak.com\/wp-content\/uploads\/2022\/08\/GarbiketakLogo.png","width":195,"height":96,"caption":"Gernika Garbiketak"},"image":{"@id":"https:\/\/gernikagarbiketak.com\/#\/schema\/logo\/image\/"}}]}},"_links":{"self":[{"href":"https:\/\/gernikagarbiketak.com\/eu\/wp-json\/wp\/v2\/pages\/1066","targetHints":{"allow":["GET"]}}],"collection":[{"href":"https:\/\/gernikagarbiketak.com\/eu\/wp-json\/wp\/v2\/pages"}],"about":[{"href":"https:\/\/gernikagarbiketak.com\/eu\/wp-json\/wp\/v2\/types\/page"}],"author":[{"embeddable":true,"href":"https:\/\/gernikagarbiketak.com\/eu\/wp-json\/wp\/v2\/users\/4"}],"replies":[{"embeddable":true,"href":"https:\/\/gernikagarbiketak.com\/eu\/wp-json\/wp\/v2\/comments?post=1066"}],"version-history":[{"count":0,"href":"https:\/\/gernikagarbiketak.com\/eu\/wp-json\/wp\/v2\/pages\/1066\/revisions"}],"wp:attachment":[{"href":"https:\/\/gernikagarbiketak.com\/eu\/wp-json\/wp\/v2\/media?parent=1066"}],"curies":[{"name":"wp","href":"https:\/\/api.w.org\/{rel}","templated":true}]}}