{"id":1182,"date":"2022-08-03T12:40:46","date_gmt":"2022-08-03T10:40:46","guid":{"rendered":"https:\/\/gernikagarbiketak.com\/aviso-legal\/"},"modified":"2023-06-15T23:27:25","modified_gmt":"2023-06-15T21:27:25","slug":"aviso-legal","status":"publish","type":"page","link":"https:\/\/gernikagarbiketak.com\/eu\/aviso-legal\/","title":{"rendered":"Aviso legal"},"content":{"rendered":"\n<p><strong><u>INFORMACI\u00d3N LEGAL<\/u><\/strong><\/p>\n\n\n\n<p>En este apartado se incluye informaci\u00f3n sobre las condiciones de acceso y utilizaci\u00f3n de este sitio web que deben ser conocidas por el usuario, a los efectos previstos en la Ley 34\/2002 de Servicios de la Sociedad de la Informaci\u00f3n y de Comercio Electr\u00f3nico.<\/p>\n\n\n\n<ul class=\"wp-block-list\">\n<li>Titular: GERNIKA GARBIKETAK SL<\/li>\n\n\n\n<li>CIF: B48706535<\/li>\n\n\n\n<li>Domicilio social: GOIKO IBARRA, N\u00ba 33&nbsp; PAB C, 48300 GERNIKA-BIZKAIA<\/li>\n\n\n\n<li>Direcci\u00f3n de correo electr\u00f3nico: bulego@gernikagarbiketak.com<\/li>\n\n\n\n<li>Tel\u00e9fono: 946250228 &#8211; 608878542<\/li>\n\n\n\n<li>Datos registrales:<\/li>\n<\/ul>\n\n\n\n<p><strong><u>CONDICIONES DE ACCESO A LA WEB<\/u><\/strong><\/p>\n\n\n\n<p>La utilizaci\u00f3n de esta p\u00e1gina Web atribuye la condici\u00f3n de Usuario a quien lo haga e implica la aceptaci\u00f3n de todas las condiciones incluidas en este Aviso Legal. El Usuario deber\u00e1 leer estas condiciones cada vez que acceda a esta Web, ya que pueden ser modificadas en lo sucesivo. Algunos aspectos de esta p\u00e1gina Web, por su especialidad, pueden estar sujetos a condiciones o reglas particulares que pueden sustituir, completar o modificar este Aviso Legal, por lo que tambi\u00e9n deben ser aceptadas por el Usuario que los utilice o acceda a ellos.<\/p>\n\n\n\n<p><strong><u>OBLIGACI\u00d3N DE HACER USO CORRECTO DE LA P\u00c1GINA WEB Y LOS CONTENIDOS<\/u><\/strong><\/p>\n\n\n\n<p>Todos los contenidos de esta Web (textos, fotograf\u00edas, gr\u00e1ficos, im\u00e1genes, tecnolog\u00eda, software, links, contenidos audiovisuales o sonoros, dise\u00f1o gr\u00e1fico, c\u00f3digo fuente, etc.), as\u00ed como las marcas y dem\u00e1s signos distintivos son propiedad de GERNIKA GARBIKETAK SL o de terceros, no adquiriendo el Usuario ning\u00fan derecho sobre ellos por el mero uso de esta Web.<\/p>\n\n\n\n<p>El Usuario, deber\u00e1 abstenerse de: a) reproducir, copiar, distribuir, poner a disposici\u00f3n de terceros, comunicar p\u00fablicamente, transformar o modificar los contenidos de esta Web, salvo en los casos contemplados en la ley o expresamente autorizados por el propietario o por el titular de dichos derechos; b) reproducir o copiar para uso privado el software, las im\u00e1genes, los videos o las bases de datos existentes en esta Web, as\u00ed como comunicarlos p\u00fablicamente o ponerlos a disposici\u00f3n de terceros cuando ello conlleve su reproducci\u00f3n; c) extraer o reutilizar los contenidos integrantes de esta Web.<\/p>\n\n\n\n<p>El Usuario que quiera introducir enlaces a esta Web desde sus propias p\u00e1ginas Web estar\u00e1 obligado a cumplir las condiciones siguientes:<\/p>\n\n\n\n<p>a) el enlace \u00fanicamente vincular\u00e1 con la home page, no pudiendo reproducirla de ninguna forma<\/p>\n\n\n\n<p>b) no podr\u00e1n establecerse frames o marcos de cualquier tipo que rodeen la Web o permitan visualizarla a trav\u00e9s de direcciones de Internet distintas o conjuntamente con contenidos ajenos a esta Web, de forma que produzca, o pueda producir, error o confusi\u00f3n en los Usuarios sobre la procedencia del servicio o su contenido, implique un acto de comparaci\u00f3n o imitaci\u00f3n desleal, sirva para aprovechar la reputaci\u00f3n, marca y prestigio de GERNIKA GARBIKETAK SL o se haga de cualquier otro modo que est\u00e9 prohibido por la Ley.<\/p>\n\n\n\n<p>&nbsp;c)&nbsp; desde la p\u00e1gina que realice el enlace no podr\u00e1 efectuarse ning\u00fan tipo de manifestaci\u00f3n falsa o inexacta sobre la entidad o sobre la calidad de sus productos y servicios<\/p>\n\n\n\n<p>d) El remitente no podr\u00e1 utilizar la marca o cualquier otro signo distintivo de la entidad&nbsp;&nbsp; dentro de su p\u00e1gina Web, salvo en los casos autorizados por la ley o permitidos expresamente por el titular de la web.&nbsp;&nbsp;<\/p>\n\n\n\n<p>e)&nbsp; la p\u00e1gina que establezca el enlace deber\u00e1 observar la legalidad vigente y no podr\u00e1 disponer de o enlazar con contenidos il\u00edcitos, nocivos, contrarios a la moral y a las buenas costumbres, que produzcan o puedan producir la falsa idea de qu\u00e9 GERNIKA GARBIKETAK SL respalda o apoya, las ideas, manifestaciones o actuaciones del remitente o que resulten inadecuados en relaci\u00f3n con la actividad desarrollada por la Entidad, teniendo en cuenta los contenidos y la tem\u00e1tica general de la p\u00e1gina Web donde se establezca el enlace.<\/p>\n\n\n\n<p><strong><u>RESPONSABILIDAD DE LA PERSONA USUARIA<\/u><\/strong><\/p>\n\n\n\n<p>GERNIKA GARBIKETAK SL no es responsable de controlar que en esta Web no existan programas maliciosos o cualquier otro elemento inform\u00e1tico da\u00f1ino. Corresponde al Usuario, en todo caso, disponer de herramientas adecuadas para la detecci\u00f3n y desinfecci\u00f3n de estos elementos. De acuerdo con ello, el titular de la web no se responsabiliza de los da\u00f1os producidos a equipos inform\u00e1ticos durante el acceso a la presente Web. Igualmente, no ser\u00e1 responsable de los da\u00f1os producidos a los Usuarios cuando dichos da\u00f1os tengan su origen en fallos o desconexiones en las redes de telecomunicaciones que interrumpan el servicio de esta Web.<\/p>\n\n\n\n<p>Todos los contenidos de la p\u00e1gina web, entendi\u00e9ndose como tales, a t\u00edtulo meramente enunciativo no limitativo, todos textos, documentos, fotograf\u00edas, dibujos, im\u00e1genes, iconos, representaciones gr\u00e1ficas, contenidos audiovisuales o sonoros, as\u00ed como su dise\u00f1o gr\u00e1fico y c\u00f3digo fuente, las marcas, nombres comerciales u otros signos distintivos, son de la titularidad exclusiva de GERNIKA GARBIKETAK SL o de terceros (siendo \u00e9sta la legitima licenciataria) y est\u00e1n protegidos por las Leyes de Propiedad Industrial e Intelectual.<\/p>\n\n\n\n<p>El acceso por parte de los usuarios a los contenidos de la p\u00e1gina web, no les otorga derechos ni titularidad alguna sobre los mismos.<\/p>\n\n\n\n<p>Queda estrictamente prohibida cualquier modalidad de explotaci\u00f3n, reproducci\u00f3n, distribuci\u00f3n, modificaci\u00f3n, comunicaci\u00f3n p\u00fablica, cesi\u00f3n o transformaci\u00f3n o cualquier otra forma de difusi\u00f3n de la informaci\u00f3n o elementos contenidos en la web mencionados en este apartado, mediante cualquier soporte y medio, no autorizado de forma previa y expresa. El contenido de esta p\u00e1gina web podr\u00e1 \u00fanicamente ser descargado al terminal del usuario siempre que sea para su uso privado y sin ning\u00fan fin comercial.<\/p>\n\n\n\n<p>La infracci\u00f3n de cualquiera de los derechos citados puede constituir una vulneraci\u00f3n de las presentes condiciones y\/o de las leyes de Propiedad Industrial e Intelectual. GERNIKA GARBIKETAK SL se reserva la posibilidad de ejercer las acciones legales que correspondan contra los usuarios que violen o infrinjan los derechos de propiedad intelectual y\/o industrial de este website, su informaci\u00f3n o sus contenidos. &nbsp;&nbsp;<\/p>\n\n\n\n<p><strong><u>RESPONSABILIDADES DE LA ENTIDAD<\/u><\/strong><\/p>\n\n\n\n<p>Esta Web puede incluir enlaces que permiten al Usuario acceder a otras p\u00e1ginas de Internet. En estos casos, GERNIKA GARBIKETAK SL s\u00f3lo ser\u00e1 responsable de los contenidos y servicios suministrados a trav\u00e9s de los enlaces en cuanto conozca su ilicitud y no los haya desactivado diligentemente. Si un Usuario considerase que existe un enlace con contenidos il\u00edcitos o inadecuados, nos lo podr\u00e1 indicar, sin que ello suponga que este quede obligado por ello a retirar el correspondiente enlace. El titular de la web, no siempre conoce los contenidos y servicios de los enlaces y por tanto no se hace responsable por los da\u00f1os derivados de su falta de calidad, desactualizaci\u00f3n, indisponibilidad, error, inutilidad o ilegalidad y no responde de las manifestaciones realizadas o de los contenidos o servicios proporcionados a trav\u00e9s de ellos, salvo que sea directamente responsable de la prestaci\u00f3n de dichos servicios.<\/p>\n\n\n\n<p>El Usuario se compromete a hacer un uso correcto de esta Web de conformidad con la Ley, con el presente Aviso Legal y con las dem\u00e1s condiciones, reglamentos e instrucciones que, en su caso, pudieran ser de aplicaci\u00f3n. El Usuario responder\u00e1 frente a GERNIKA GARBIKETAK SL y frente a terceros de cualesquiera da\u00f1os o perjuicios que pudieran causarse por incumplimiento de estas obligaciones.<\/p>\n\n\n\n<p><strong><u>LEGISLACI\u00d3N APLICABLE<\/u><\/strong><\/p>\n\n\n\n<p>El presente Aviso Legal se rige en todos y cada uno de los extremos por la Ley Espa\u00f1ola.<\/p>\n\n\n\n<p>Las prestaciones del servicio de este sitio web, y las presentes condiciones de uso se rigen por la Ley Espa\u00f1ola.<\/p>\n","protected":false},"excerpt":{"rendered":"<p>INFORMACI\u00d3N LEGAL En este apartado se incluye informaci\u00f3n sobre las condiciones de acceso y utilizaci\u00f3n de este sitio web que deben ser conocidas por el usuario, a los efectos previstos en la Ley 34\/2002 de Servicios de la Sociedad de la Informaci\u00f3n y de Comercio Electr\u00f3nico. CONDICIONES DE ACCESO A LA WEB La utilizaci\u00f3n de &#8230; <a title=\"Aviso legal\" class=\"read-more\" href=\"https:\/\/gernikagarbiketak.com\/eu\/aviso-legal\/\" aria-label=\"Read more about Aviso legal\">Read more<\/a><\/p>\n","protected":false},"author":4,"featured_media":0,"parent":0,"menu_order":0,"comment_status":"closed","ping_status":"closed","template":"","meta":{"_acf_changed":false,"footnotes":""},"class_list":["post-1182","page","type-page","status-publish"],"acf":[],"yoast_head":"<!-- This site is optimized with the Yoast SEO plugin v27.2 - https:\/\/yoast.com\/product\/yoast-seo-wordpress\/ -->\n<title>Aviso legal - Gernika Garbiketak<\/title>\n<meta name=\"robots\" content=\"noindex, nofollow\" \/>\n<meta property=\"og:locale\" content=\"eu_ES\" \/>\n<meta property=\"og:type\" content=\"article\" \/>\n<meta property=\"og:title\" content=\"Aviso legal - Gernika Garbiketak\" \/>\n<meta property=\"og:description\" content=\"INFORMACI\u00d3N LEGAL En este apartado se incluye informaci\u00f3n sobre las condiciones de acceso y utilizaci\u00f3n de este sitio web que deben ser conocidas por el usuario, a los efectos previstos en la Ley 34\/2002 de Servicios de la Sociedad de la Informaci\u00f3n y de Comercio Electr\u00f3nico. CONDICIONES DE ACCESO A LA WEB La utilizaci\u00f3n de ... Read more\" \/>\n<meta property=\"og:url\" content=\"https:\/\/gernikagarbiketak.com\/eu\/aviso-legal\/\" \/>\n<meta property=\"og:site_name\" content=\"Gernika Garbiketak\" \/>\n<meta property=\"article:modified_time\" content=\"2023-06-15T21:27:25+00:00\" \/>\n<meta name=\"twitter:card\" content=\"summary_large_image\" \/>\n<meta name=\"twitter:label1\" content=\"Est. reading time\" \/>\n\t<meta name=\"twitter:data1\" content=\"6 minutes\" \/>\n<script type=\"application\/ld+json\" class=\"yoast-schema-graph\">{\"@context\":\"https:\/\/schema.org\",\"@graph\":[{\"@type\":\"WebPage\",\"@id\":\"https:\/\/gernikagarbiketak.com\/eu\/aviso-legal\/\",\"url\":\"https:\/\/gernikagarbiketak.com\/eu\/aviso-legal\/\",\"name\":\"Aviso legal - Gernika Garbiketak\",\"isPartOf\":{\"@id\":\"https:\/\/gernikagarbiketak.com\/#website\"},\"datePublished\":\"2022-08-03T10:40:46+00:00\",\"dateModified\":\"2023-06-15T21:27:25+00:00\",\"breadcrumb\":{\"@id\":\"https:\/\/gernikagarbiketak.com\/eu\/aviso-legal\/#breadcrumb\"},\"inLanguage\":\"eu-ES\",\"potentialAction\":[{\"@type\":\"ReadAction\",\"target\":[\"https:\/\/gernikagarbiketak.com\/eu\/aviso-legal\/\"]}]},{\"@type\":\"BreadcrumbList\",\"@id\":\"https:\/\/gernikagarbiketak.com\/eu\/aviso-legal\/#breadcrumb\",\"itemListElement\":[{\"@type\":\"ListItem\",\"position\":1,\"name\":\"Portada\",\"item\":\"https:\/\/gernikagarbiketak.com\/\"},{\"@type\":\"ListItem\",\"position\":2,\"name\":\"Aviso legal\"}]},{\"@type\":\"WebSite\",\"@id\":\"https:\/\/gernikagarbiketak.com\/#website\",\"url\":\"https:\/\/gernikagarbiketak.com\/\",\"name\":\"Gernika Garbiketak\",\"description\":\"\",\"publisher\":{\"@id\":\"https:\/\/gernikagarbiketak.com\/#organization\"},\"potentialAction\":[{\"@type\":\"SearchAction\",\"target\":{\"@type\":\"EntryPoint\",\"urlTemplate\":\"https:\/\/gernikagarbiketak.com\/?s={search_term_string}\"},\"query-input\":{\"@type\":\"PropertyValueSpecification\",\"valueRequired\":true,\"valueName\":\"search_term_string\"}}],\"inLanguage\":\"eu-ES\"},{\"@type\":\"Organization\",\"@id\":\"https:\/\/gernikagarbiketak.com\/#organization\",\"name\":\"Gernika Garbiketak\",\"url\":\"https:\/\/gernikagarbiketak.com\/\",\"logo\":{\"@type\":\"ImageObject\",\"inLanguage\":\"eu-ES\",\"@id\":\"https:\/\/gernikagarbiketak.com\/#\/schema\/logo\/image\/\",\"url\":\"https:\/\/gernikagarbiketak.com\/wp-content\/uploads\/2022\/08\/GarbiketakLogo.png\",\"contentUrl\":\"https:\/\/gernikagarbiketak.com\/wp-content\/uploads\/2022\/08\/GarbiketakLogo.png\",\"width\":195,\"height\":96,\"caption\":\"Gernika Garbiketak\"},\"image\":{\"@id\":\"https:\/\/gernikagarbiketak.com\/#\/schema\/logo\/image\/\"}}]}<\/script>\n<!-- \/ Yoast SEO plugin. -->","yoast_head_json":{"title":"Aviso legal - Gernika Garbiketak","robots":{"index":"noindex","follow":"nofollow"},"og_locale":"eu_ES","og_type":"article","og_title":"Aviso legal - Gernika Garbiketak","og_description":"INFORMACI\u00d3N LEGAL En este apartado se incluye informaci\u00f3n sobre las condiciones de acceso y utilizaci\u00f3n de este sitio web que deben ser conocidas por el usuario, a los efectos previstos en la Ley 34\/2002 de Servicios de la Sociedad de la Informaci\u00f3n y de Comercio Electr\u00f3nico. CONDICIONES DE ACCESO A LA WEB La utilizaci\u00f3n de ... Read more","og_url":"https:\/\/gernikagarbiketak.com\/eu\/aviso-legal\/","og_site_name":"Gernika Garbiketak","article_modified_time":"2023-06-15T21:27:25+00:00","twitter_card":"summary_large_image","twitter_misc":{"Est. reading time":"6 minutes"},"schema":{"@context":"https:\/\/schema.org","@graph":[{"@type":"WebPage","@id":"https:\/\/gernikagarbiketak.com\/eu\/aviso-legal\/","url":"https:\/\/gernikagarbiketak.com\/eu\/aviso-legal\/","name":"Aviso legal - Gernika Garbiketak","isPartOf":{"@id":"https:\/\/gernikagarbiketak.com\/#website"},"datePublished":"2022-08-03T10:40:46+00:00","dateModified":"2023-06-15T21:27:25+00:00","breadcrumb":{"@id":"https:\/\/gernikagarbiketak.com\/eu\/aviso-legal\/#breadcrumb"},"inLanguage":"eu-ES","potentialAction":[{"@type":"ReadAction","target":["https:\/\/gernikagarbiketak.com\/eu\/aviso-legal\/"]}]},{"@type":"BreadcrumbList","@id":"https:\/\/gernikagarbiketak.com\/eu\/aviso-legal\/#breadcrumb","itemListElement":[{"@type":"ListItem","position":1,"name":"Portada","item":"https:\/\/gernikagarbiketak.com\/"},{"@type":"ListItem","position":2,"name":"Aviso legal"}]},{"@type":"WebSite","@id":"https:\/\/gernikagarbiketak.com\/#website","url":"https:\/\/gernikagarbiketak.com\/","name":"Gernika Garbiketak","description":"","publisher":{"@id":"https:\/\/gernikagarbiketak.com\/#organization"},"potentialAction":[{"@type":"SearchAction","target":{"@type":"EntryPoint","urlTemplate":"https:\/\/gernikagarbiketak.com\/?s={search_term_string}"},"query-input":{"@type":"PropertyValueSpecification","valueRequired":true,"valueName":"search_term_string"}}],"inLanguage":"eu-ES"},{"@type":"Organization","@id":"https:\/\/gernikagarbiketak.com\/#organization","name":"Gernika Garbiketak","url":"https:\/\/gernikagarbiketak.com\/","logo":{"@type":"ImageObject","inLanguage":"eu-ES","@id":"https:\/\/gernikagarbiketak.com\/#\/schema\/logo\/image\/","url":"https:\/\/gernikagarbiketak.com\/wp-content\/uploads\/2022\/08\/GarbiketakLogo.png","contentUrl":"https:\/\/gernikagarbiketak.com\/wp-content\/uploads\/2022\/08\/GarbiketakLogo.png","width":195,"height":96,"caption":"Gernika Garbiketak"},"image":{"@id":"https:\/\/gernikagarbiketak.com\/#\/schema\/logo\/image\/"}}]}},"_links":{"self":[{"href":"https:\/\/gernikagarbiketak.com\/eu\/wp-json\/wp\/v2\/pages\/1182","targetHints":{"allow":["GET"]}}],"collection":[{"href":"https:\/\/gernikagarbiketak.com\/eu\/wp-json\/wp\/v2\/pages"}],"about":[{"href":"https:\/\/gernikagarbiketak.com\/eu\/wp-json\/wp\/v2\/types\/page"}],"author":[{"embeddable":true,"href":"https:\/\/gernikagarbiketak.com\/eu\/wp-json\/wp\/v2\/users\/4"}],"replies":[{"embeddable":true,"href":"https:\/\/gernikagarbiketak.com\/eu\/wp-json\/wp\/v2\/comments?post=1182"}],"version-history":[{"count":0,"href":"https:\/\/gernikagarbiketak.com\/eu\/wp-json\/wp\/v2\/pages\/1182\/revisions"}],"wp:attachment":[{"href":"https:\/\/gernikagarbiketak.com\/eu\/wp-json\/wp\/v2\/media?parent=1182"}],"curies":[{"name":"wp","href":"https:\/\/api.w.org\/{rel}","templated":true}]}}